{"id":17865,"date":"2020-01-30T16:06:52","date_gmt":"2020-01-30T15:06:52","guid":{"rendered":"https:\/\/onekeycredito.pt\/credit-intermediary-number-2449\/"},"modified":"2024-04-03T12:38:05","modified_gmt":"2024-04-03T11:38:05","slug":"credit-intermediary-number-2449","status":"publish","type":"page","link":"https:\/\/onekeycredito.pt\/en\/credit-intermediary-number-2449\/","title":{"rendered":"Credit intermediary Number: 2449"},"content":{"rendered":"<p>[vc_row][vc_column][vc_column_text]<strong>DENOMINATION<\/strong> : One Key Lda.<\/p>\n<p><strong>HEAD OFFICE:<\/strong> Avenida da Rep\u00fablica 6, 7\u00baESQ 1050-191 LISBOA<\/p>\n<p><strong>NIPC:<\/strong> 514628456<\/p>\n<p><strong>WORK ADDRESS<\/strong>: Avenida Ant\u00f3nio Augusto Aguiar, 108 7\u00ba 1050-019 LISBOA<\/p>\n<p><strong>PHONE NUMBER<\/strong>: 210507708<\/p>\n<p><strong>MOBILE PHONE<\/strong>: 924081164<\/p>\n<p><strong>E_mail<\/strong><u> : <\/u><a href=\"mailto:info@onekeycredito.pt\">info@onekeycredito.pt<\/a><\/p>\n<p><strong>LENDING ENTITIES WITH BINDING AGREEMENT:<\/strong><\/p>\n<p>COFIDIS<\/p>\n<p>BANCO CREDIBOM, SA<\/p>\n<p>BANKINTER, SA &#8211; SUCURSAL EM PORTUGAL<\/p>\n<p>CAIXA GERAL DE DEP\u00d3SITOS, SA<\/p>\n<p>NOVO BANCO, SA<\/p>\n<p>BANCO PRIMUS, SA<\/p>\n<p>BNI &#8211; BANCO DE NEG\u00d3CIOS INTERNACIONAL (EUROPA), SA<\/p>\n<p>BANCO CTT, SA<\/p>\n<p>BANCO BPI, SA<\/p>\n<p>UNION DE CR\u00c9DITOS INMOBILI\u00c1RIOS, S.A., ESTABLECIMIENTO FINANCIERO DE CR\u00c9DITO (SOCIEDAD UNIPERSONAL) &#8211; SUCURSAL EM PORTUGAL<\/p>\n<p><u> <\/u><\/p>\n<p><strong>SERVI\u00c7OS DE INTERMEDIA\u00c7\u00c3O DE CR\u00c9DITO:<\/strong><\/p>\n<p><strong> <\/strong><\/p>\n<p><strong>1.<\/strong> Presentation or proposal of <u>consumer credit and housing credit<\/u> contracts<\/p>\n<p><strong>2.<\/strong> Assistance to consumers, by carrying out preparatory acts or other pre-contractual management work in relation to credit contracts that have not been presented or proposed by them<\/p>\n<p><strong>3.<\/strong> Consultancy Services<\/p>\n<p><u> <\/u><\/p>\n<p>Civil Liability Insurance for Credit Intermediaries subscribed to HISCOX SA branch in Portugal with registered office at Atrium Saldanha, Pra\u00e7a Duque de Saldanha, 1 5\u00ba 1050-094 LISBOA, NIPC 980595185., registered with CRC Lisboa<\/p>\n<p>\u2013 Policy n\u00ba 2509884 \u2013 Credit intermediation for residential properties \u2013 valid until 03\/19\/2020<\/p>\n<p>\u2013 Policy n\u00ba 2508997 \u2013 Credit intermediation (except real estate) \u2013 valid until 05\/23\/2020<\/p>\n<p>&nbsp;<\/p>\n<p><u>Linked and non-exclusive credit intermediary, for consumer credit and housing credit contracts, registered under number 2449 and subject to supervision by Banco de Portugal<a href=\"https:\/\/www.bportugal.pt\/intermediariocreditofar\/one-key-lda\">https:\/\/www.bportugal.pt\/intermediariocreditofar\/one-key-lda<\/a><\/u><\/p>\n<p>A One Key Lda. It is not authorized, under the terms of article 46 of DL 81-C 2017, to receive or deliver any amounts related to the formation, execution and early fulfillment of credit contracts, whether or not it is intermediated by it.[\/vc_column_text][\/vc_column][\/vc_row]<\/p>\n<!-- AddThis Advanced Settings generic via filter on the_content --><!-- AddThis Share Buttons generic via filter on the_content -->","protected":false},"excerpt":{"rendered":"<p>[vc_row][vc_column][vc_column_text]DENOMINATION : One Key Lda. HEAD OFFICE: Avenida da Rep\u00fablica 6, 7\u00baESQ 1050-191 LISBOA NIPC: 514628456 WORK ADDRESS: Avenida Ant\u00f3nio Augusto Aguiar, 108 7\u00ba 1050-019 LISBOA PHONE NUMBER: 210507708 MOBILE PHONE: 924081164 E_mail : info@onekeycredito.pt LENDING ENTITIES WITH BINDING AGREEMENT: COFIDIS BANCO CREDIBOM, SA BANKINTER, SA &#8211; SUCURSAL EM PORTUGAL CAIXA GERAL DE DEP\u00d3SITOS, SA [&hellip;]<!-- AddThis Advanced Settings generic via filter on get_the_excerpt --><!-- AddThis Share Buttons generic via filter on get_the_excerpt --><\/p>\n","protected":false},"author":1,"featured_media":0,"parent":0,"menu_order":0,"comment_status":"closed","ping_status":"closed","template":"","meta":{"_exactmetrics_skip_tracking":false,"_exactmetrics_sitenote_active":false,"_exactmetrics_sitenote_note":"","_exactmetrics_sitenote_category":0,"footnotes":""},"_links":{"self":[{"href":"https:\/\/onekeycredito.pt\/en\/wp-json\/wp\/v2\/pages\/17865"}],"collection":[{"href":"https:\/\/onekeycredito.pt\/en\/wp-json\/wp\/v2\/pages"}],"about":[{"href":"https:\/\/onekeycredito.pt\/en\/wp-json\/wp\/v2\/types\/page"}],"author":[{"embeddable":true,"href":"https:\/\/onekeycredito.pt\/en\/wp-json\/wp\/v2\/users\/1"}],"replies":[{"embeddable":true,"href":"https:\/\/onekeycredito.pt\/en\/wp-json\/wp\/v2\/comments?post=17865"}],"version-history":[{"count":2,"href":"https:\/\/onekeycredito.pt\/en\/wp-json\/wp\/v2\/pages\/17865\/revisions"}],"predecessor-version":[{"id":17867,"href":"https:\/\/onekeycredito.pt\/en\/wp-json\/wp\/v2\/pages\/17865\/revisions\/17867"}],"wp:attachment":[{"href":"https:\/\/onekeycredito.pt\/en\/wp-json\/wp\/v2\/media?parent=17865"}],"curies":[{"name":"wp","href":"https:\/\/api.w.org\/{rel}","templated":true}]}}