{"id":18041,"date":"2018-01-08T18:23:06","date_gmt":"2018-01-08T17:23:06","guid":{"rendered":"https:\/\/onekeycredito.pt\/do-you-want-to-be-a-one-key-partner\/"},"modified":"2024-05-06T15:22:42","modified_gmt":"2024-05-06T14:22:42","slug":"do-you-want-to-be-a-one-key-partner","status":"publish","type":"page","link":"https:\/\/onekeycredito.pt\/en\/do-you-want-to-be-a-one-key-partner\/","title":{"rendered":"Be a partner"},"content":{"rendered":"<p>[vc_row][vc_column][vc_custom_heading text=&#8221;Immediatly advantages&#8221; use_theme_fonts=&#8221;yes&#8221;][\/vc_column][\/vc_row][vc_row][vc_column][vc_column_text]We have conditions and dedicated support for commercial partners. Discover all the advantages by being our partner.[\/vc_column_text]<div class=\"uavc-list-icon uavc-list-icon-wrapper ult-adjust-bottom-margin   vc_custom_1516183449976  vc_custom_1516183449976\"><ul class=\"uavc-list\"><li><div class=\"uavc-list-content\" id=\"list-icon-wrap-1613\">\n<div class=\"uavc-list-icon  \" data-animation=\"\" data-animation-delay=\"03\" style=\"margin-right:8px;\"><div class=\"ult-just-icon-wrapper  \"><div class=\"align-icon\" style=\"text-align:center;\">\n<div class=\"aio-icon none \"  style=\"color:#1da5db;font-size:28px;display:inline-block;\">\n\t<i class=\"Defaults-check\"><\/i>\n<\/div><\/div><\/div>\n<\/div><span  data-ultimate-target='#list-icon-wrap-1613 .uavc-list-desc'  data-responsive-json-new='{\"font-size\":\"\",\"line-height\":\"\"}'  class=\"uavc-list-desc ult-responsive\" style=\"\"><strong><span style=\"color: #1da5db;\">Professional support always present<\/span><\/strong><\/p>\n<p>We promote your credit business with tailored conditions, monitoring, training and animation of your actions.<\/p>\n<p><\/span><\/div><\/li><li><div class=\"uavc-list-content\" id=\"list-icon-wrap-9680\">\n<div class=\"uavc-list-icon  \" data-animation=\"\" data-animation-delay=\"03\" style=\"margin-right:8px;\"><div class=\"ult-just-icon-wrapper  \"><div class=\"align-icon\" style=\"text-align:center;\">\n<div class=\"aio-icon none \"  style=\"color:#1da5db;font-size:28px;display:inline-block;\">\n\t<i class=\"Defaults-check\"><\/i>\n<\/div><\/div><\/div>\n<\/div><span  data-ultimate-target='#list-icon-wrap-9680 .uavc-list-desc'  data-responsive-json-new='{\"font-size\":\"\",\"line-height\":\"\"}'  class=\"uavc-list-desc ult-responsive\" style=\"\"><strong><span style=\"color: #1da5db;\">Communication Support<\/span><\/strong><\/p>\n<p>Development of communication campaigns to project your business with special credit conditions.<\/p>\n<p><\/span><\/div><\/li><li><div class=\"uavc-list-content\" id=\"list-icon-wrap-3829\">\n<div class=\"uavc-list-icon  \" data-animation=\"\" data-animation-delay=\"03\" style=\"margin-right:8px;\"><div class=\"ult-just-icon-wrapper  \"><div class=\"align-icon\" style=\"text-align:center;\">\n<div class=\"aio-icon none \"  style=\"color:#1da5db;font-size:28px;display:inline-block;\">\n\t<i class=\"Defaults-check\"><\/i>\n<\/div><\/div><\/div>\n<\/div><span  data-ultimate-target='#list-icon-wrap-3829 .uavc-list-desc'  data-responsive-json-new='{\"font-size\":\"\",\"line-height\":\"\"}'  class=\"uavc-list-desc ult-responsive\" style=\"\"><strong><span style=\"color: #1da5db;\">Support with tailored solutions<\/span><\/strong><\/p>\n<p>We develop tailor-made solutions to increase your sales.<\/p>\n<p><\/span><\/div><\/li><\/ul><\/div>[vc_separator css=&#8221;.vc_custom_1516183497858{margin-top: 24px !important;}&#8221;][\/vc_column][\/vc_row][vc_row disable_element=&#8221;yes&#8221;][vc_column][vc_custom_heading text=&#8221;Products&#8221; use_theme_fonts=&#8221;yes&#8221;][vc_empty_space height=&#8221;26px&#8221;][vc_column_text]<\/p>\n<h3><span style=\"color: #1da5db;\">Car Financing<\/span><\/h3>\n<ul>\n<li>Financing of Motor Vehicles, Motorcycles, Scooters, Motorhomes, Agricultural or Industrial Tractors, Karts, Micro-cars and Boats, in new or used condition.<\/li>\n<li>Terms between 12 and 120 months<\/li>\n<li>Fixed and variable installments<\/li>\n<\/ul>\n<p>[\/vc_column_text][vc_column_text]<\/p>\n<h3><span style=\"color: #1da5db;\">Personal Credit<\/span><\/h3>\n<ul>\n<li>Financing of Goods or Services<\/li>\n<li>Terms between 3 and 84 months<\/li>\n<li>Fixed monthly installments<\/li>\n<\/ul>\n<p>[\/vc_column_text][vc_column_text]<\/p>\n<h3><span style=\"color: #1da5db;\">Leasing or financial ALD<\/span><\/h3>\n<ul>\n<li>Financing of the purchase of new or used vehicles (VAT itemized)<\/li>\n<li>Terms between 18 and 84 months<\/li>\n<li>Fixed and variable installments<\/li>\n<\/ul>\n<p>[\/vc_column_text][vc_separator css=&#8221;.vc_custom_1516183497858{margin-top: 24px !important;}&#8221;][\/vc_column][\/vc_row][vc_row][vc_column][vc_custom_heading text=&#8221;Fill out and send us the following form&#8221; font_container=&#8221;tag:h3|text_align:left&#8221; use_theme_fonts=&#8221;yes&#8221;][vc_column_text]We will contact you in a short period of time.[\/vc_column_text][\/vc_column][\/vc_row][vc_row][vc_column][vc_column_text]<\/p>\n<div class=\"formulario-parceiros\">\n<div class=\"caldera-grid\" id=\"caldera_form_1\" data-cf-ver=\"1.7.6\" data-cf-form-id=\"CF5a5dd16a29af8\"><div id=\"caldera_notices_1\" data-spinner=\"https:\/\/onekeycredito.pt\/wp-admin\/images\/spinner.gif\"><\/div><form data-instance=\"1\" class=\"CF5a5dd16a29af8 caldera_forms_form cfajax-trigger\" method=\"POST\" enctype=\"multipart\/form-data\" id=\"CF5a5dd16a29af8_1\" data-form-id=\"CF5a5dd16a29af8\" aria-label=\"Formul&aacute;rio de Parceiro\" data-target=\"#caldera_notices_1\" data-template=\"#cfajax_CF5a5dd16a29af8-tmpl\" data-cfajax=\"CF5a5dd16a29af8\" data-load-element=\"_parent\" data-load-class=\"cf_processing\" data-post-disable=\"0\" data-action=\"cf_process_ajax_submit\" data-request=\"https:\/\/onekeycredito.pt\/en\/\/cf-api\/CF5a5dd16a29af8\" data-hiderows=\"true\">\r\n<input type=\"hidden\" id=\"_cf_verify_CF5a5dd16a29af8\" name=\"_cf_verify\" value=\"2c1e08bcda\"  data-nonce-time=\"1777293946\" \/><input type=\"hidden\" name=\"_wp_http_referer\" value=\"\/en\/wp-json\/wp\/v2\/pages\/18041\" \/><input type=\"hidden\" name=\"_cf_frm_id\" value=\"CF5a5dd16a29af8\">\r\n<input type=\"hidden\" name=\"_cf_frm_ct\" value=\"1\">\r\n<input type=\"hidden\" name=\"cfajax\" value=\"CF5a5dd16a29af8\">\r\n<input type=\"hidden\" name=\"_cf_cr_pst\" value=\"18041\">\r\n<div class=\"hide\" style=\"display:none; overflow:hidden;height:0;width:0;\">\r\n<label>Twitter<\/label><input type=\"text\" name=\"twitter\" value=\"\" autocomplete=\"off\">\r\n<\/div><div id=\"CF5a5dd16a29af8_1-row-1\"  class=\"row  first_row\"><div  class=\"col-sm-6  first_col\"><div data-field-wrapper=\"fld_8768091\" class=\"form-group\" id=\"fld_8768091_1-wrap\">\r\n\t<label id=\"fld_8768091Label\" for=\"fld_8768091_1\" class=\"control-label\">Nome <span aria-hidden=\"true\" role=\"presentation\" class=\"field_required\" style=\"color:#ee0000;\">*<\/span><\/label>\r\n\t<div class=\"\">\r\n\t\t<input   required type=\"text\" data-field=\"fld_8768091\" class=\" form-control\" id=\"fld_8768091_1\" name=\"fld_8768091\" value=\"\" data-type=\"text\" aria-required=\"true\"   aria-labelledby=\"fld_8768091Label\" >\t\t\t<\/div>\r\n<\/div>\r\n<\/div><div  class=\"col-sm-6  last_col\"><div data-field-wrapper=\"fld_9970286\" class=\"form-group\" id=\"fld_9970286_1-wrap\">\r\n\t<label id=\"fld_9970286Label\" for=\"fld_9970286_1\" class=\"control-label\">Empresa <span aria-hidden=\"true\" role=\"presentation\" class=\"field_required\" style=\"color:#ee0000;\">*<\/span><\/label>\r\n\t<div class=\"\">\r\n\t\t<input   required type=\"text\" data-field=\"fld_9970286\" class=\" form-control\" id=\"fld_9970286_1\" name=\"fld_9970286\" value=\"\" data-type=\"text\" aria-required=\"true\"   aria-labelledby=\"fld_9970286Label\" >\t\t\t<\/div>\r\n<\/div>\r\n<\/div><\/div><div id=\"CF5a5dd16a29af8_1-row-2\"  class=\"row \"><div  class=\"col-sm-6  first_col\"><div data-field-wrapper=\"fld_2028716\" class=\"form-group\" id=\"fld_2028716_1-wrap\">\r\n\t<label id=\"fld_2028716Label\" for=\"fld_2028716_1\" class=\"control-label\">Ramo de actividade <span aria-hidden=\"true\" role=\"presentation\" class=\"field_required\" style=\"color:#ee0000;\">*<\/span><\/label>\r\n\t<div class=\"\">\r\n\t\t<input   required type=\"text\" data-field=\"fld_2028716\" class=\" form-control\" id=\"fld_2028716_1\" name=\"fld_2028716\" value=\"\" data-type=\"text\" aria-required=\"true\"   aria-labelledby=\"fld_2028716Label\" >\t\t\t<\/div>\r\n<\/div>\r\n<\/div><div  class=\"col-sm-6  last_col\"><div data-field-wrapper=\"fld_7537956\" class=\"form-group\" id=\"fld_7537956_1-wrap\">\r\n\t<label id=\"fld_7537956Label\" for=\"fld_7537956_1\" class=\"control-label\">NIF <span aria-hidden=\"true\" role=\"presentation\" class=\"field_required\" style=\"color:#ee0000;\">*<\/span><\/label>\r\n\t<div class=\"\">\r\n\t\t<input  data-inputmask=\"'mask': '[9{9}]'\"  required type=\"text\" data-field=\"fld_7537956\" class=\" form-control\" id=\"fld_7537956_1\" name=\"fld_7537956\" value=\"\" data-type=\"text\" aria-required=\"true\"   aria-labelledby=\"fld_7537956Label\" >\t\t\t<\/div>\r\n<\/div>\r\n<\/div><\/div><div id=\"CF5a5dd16a29af8_1-row-3\"  class=\"row \"><div  class=\"col-sm-6  first_col\"><div data-field-wrapper=\"fld_6009157\" class=\"form-group\" id=\"fld_6009157_1-wrap\">\r\n\t<label id=\"fld_6009157Label\" for=\"fld_6009157_1\" class=\"control-label\">Endere\u00e7o de email <span aria-hidden=\"true\" role=\"presentation\" class=\"field_required\" style=\"color:#ee0000;\">*<\/span><\/label>\r\n\t<div class=\"\">\r\n\t\t<input   required type=\"email\" data-field=\"fld_6009157\" class=\" form-control\" id=\"fld_6009157_1\" name=\"fld_6009157\" value=\"\" data-type=\"email\" aria-required=\"true\"   aria-labelledby=\"fld_6009157Label\" >\t\t\t<\/div>\r\n<\/div>\r\n<\/div><div  class=\"col-sm-6  last_col\"><div data-field-wrapper=\"fld_6378469\" class=\"form-group\" id=\"fld_6378469_1-wrap\">\r\n\t<label id=\"fld_6378469Label\" for=\"fld_6378469_1\" class=\"control-label\">Telefone <span aria-hidden=\"true\" role=\"presentation\" class=\"field_required\" style=\"color:#ee0000;\">*<\/span><\/label>\r\n\t<div class=\"\">\r\n\t\t<input  data-inputmask=\"'mask': '[9{9}]'\"  required type=\"text\" data-field=\"fld_6378469\" class=\" form-control\" id=\"fld_6378469_1\" name=\"fld_6378469\" value=\"\" data-type=\"text\" aria-required=\"true\"   aria-labelledby=\"fld_6378469Label\" >\t\t\t<\/div>\r\n<\/div>\r\n<\/div><\/div><div id=\"CF5a5dd16a29af8_1-row-4\"  class=\"row \"><div  class=\"col-sm-12  single\"><div class=\"\"><p><strong>C\u00f3digo Postal<\/strong><\/p>\n<\/div><\/div><\/div><div id=\"CF5a5dd16a29af8_1-row-5\"  class=\"row \"><div  class=\"col-sm-2  first_col\"><div data-field-wrapper=\"fld_2963485\" class=\"form-group codigopostal\" id=\"fld_2963485_1-wrap\">\r\n\t<label id=\"fld_2963485Label\" for=\"fld_2963485_1\" class=\"control-label\">C\u00f3digo Postal<\/label>\r\n\t<div class=\"\">\r\n\t\t<input  data-inputmask=\"'mask': '[9{4}]'\"   type=\"text\" data-field=\"fld_2963485\" class=\" form-control\" id=\"fld_2963485_1\" name=\"fld_2963485\" value=\"\" data-type=\"text\"   aria-labelledby=\"fld_2963485Label\" >\t\t\t<\/div>\r\n<\/div>\r\n<\/div><div  class=\"col-sm-1 \"><div data-field-wrapper=\"fld_8639494\" class=\"form-group codigopostalsecundario\" id=\"fld_8639494_1-wrap\">\r\n\t<label id=\"fld_8639494Label\" for=\"fld_8639494_1\" class=\"control-label\">C\u00f3digo Postal Secund\u00e1rio<\/label>\r\n\t<div class=\"\">\r\n\t\t<input placeholder=\" \" data-inputmask=\"'mask': '[9{3}]'\"   type=\"text\" data-field=\"fld_8639494\" class=\" form-control\" id=\"fld_8639494_1\" name=\"fld_8639494\" value=\"\" data-type=\"text\"   aria-labelledby=\"fld_8639494Label\" >\t\t\t<\/div>\r\n<\/div>\r\n<\/div><div  class=\"col-sm-3 \"><\/div><div  class=\"col-sm-3 \"><\/div><div  class=\"col-sm-3  last_col\"><div data-field-wrapper=\"fld_7908577\" class=\"form-group\" id=\"fld_7908577_1-wrap\">\r\n<div class=\"\">\r\n\t<input  class=\"btn btn-default btn-enviar\" type=\"submit\" name=\"fld_7908577\" id=\"fld_7908577_1\" value=\"Enviar\" data-field=\"fld_7908577\"  >\n<\/div>\r\n<\/div>\r\n\t<input class=\"button_trigger_1\" type=\"hidden\" name=\"fld_7908577\" id=\"fld_7908577_1_btn\" value=\"\" data-field=\"fld_7908577\"  \/>\n<\/div><\/div><div id=\"CF5a5dd16a29af8_1-row-6\"  class=\"row  last_row\"><div  class=\"col-sm-1  first_col\"><div data-field-wrapper=\"fld_4285721\" class=\"form-group autorizacao\" id=\"fld_4285721_1-wrap\">\r\n\t<label id=\"fld_4285721Label\" for=\"fld_4285721_1\" class=\"control-label screen-reader-text sr-only\">Autorizac\u00e3o<\/label>\r\n\t<div class=\"\">\r\n\t\t\t\t\t\t\n                <label  class=\"checkbox-inline\"                        for=\"fld_4285721_1_opt1173614\"\n                >\n                            <input\n                                                                type=\"checkbox\"\n                                data-label=\"Declara\u00e7\u00e3o\"\n                                data-field=\"fld_4285721\"\n                                id=\"fld_4285721_1_opt1173614\"\n                                class=\"fld_4285721_1\"\n                                name=\"fld_4285721[opt1173614]\"\n                                value=\"Declara\u00e7\u00e3o\"\n                                                                data-type=\"checkbox\"\n                                data-checkbox-field=\"fld_4285721_1\"\n                                data-calc-value=\"Declara\u00e7\u00e3o\"\n                            >\n                    Declara\u00e7\u00e3o                <\/label>\n\n                \t\t\t\t\t\t\t<\/div>\r\n<\/div>\r\n<\/div><div  class=\"col-sm-11  last_col\"><div class=\"\"><div class=\"texto-pequeno\">Declaro que autorizo a gest\u00e3o inform\u00e1tica dos meus dados pessoais, sob a responsabilidade da  One Key, pessoa colectiva n\u00ba 514628456, com sede na Av. da Rep\u00fablica n\u00ba6, 7\u00ba Esq.,1050-191 Lisboa, para fins de aprova\u00e7\u00e3o de propostas de cr\u00e9dito, celebra\u00e7\u00e3o de contratos e eventual promo\u00e7\u00e3o de outros produtos ou servi\u00e7os, atrav\u00e9s de meios telef\u00f3nicos, escritos, mailing ou electr\u00f3nicos, nomeadamente Email, SMS ou MMS. Declaro, por minha honra, que os dados por mim prestados s\u00e3o verdadeiros e correctos, e autorizo a One Key a confirmar a sua veracidade junto do Banco de Portugal, da Credinforma\u00e7\u00f5es, ou de quaisquer outros servi\u00e7os de informa\u00e7\u00f5es comerciais ou de cr\u00e9dito. Informamos que poder\u00e1 aceder \u00e0 informa\u00e7\u00e3o que lhe diga respeito e solicitar junto da One Key, a sua correc\u00e7\u00e3o, aditamento ou elimina\u00e7\u00e3o.<\/div>\n<\/div><\/div><\/div><\/form>\r\n<\/div>\r\n\n<\/div>\n<p>[\/vc_column_text][\/vc_column][\/vc_row]<\/p>\n<!-- AddThis Advanced Settings generic via filter on the_content --><!-- AddThis Share Buttons generic via filter on the_content -->","protected":false},"excerpt":{"rendered":"<p>[vc_row][vc_column][vc_custom_heading text=&#8221;Immediatly advantages&#8221; use_theme_fonts=&#8221;yes&#8221;][\/vc_column][\/vc_row][vc_row][vc_column][vc_column_text]We have conditions and dedicated support for commercial partners. Discover all the advantages by being our partner.[\/vc_column_text][vc_separator css=&#8221;.vc_custom_1516183497858{margin-top: 24px !important;}&#8221;][\/vc_column][\/vc_row][vc_row disable_element=&#8221;yes&#8221;][vc_column][vc_custom_heading text=&#8221;Products&#8221; use_theme_fonts=&#8221;yes&#8221;][vc_empty_space height=&#8221;26px&#8221;][vc_column_text] Car Financing Financing of Motor Vehicles, Motorcycles, Scooters, Motorhomes, Agricultural or Industrial Tractors, Karts, Micro-cars and Boats, in new or used condition. Terms between 12 and 120 months [&hellip;]<!-- AddThis Advanced Settings generic via filter on get_the_excerpt --><!-- AddThis Share Buttons generic via filter on get_the_excerpt --><\/p>\n","protected":false},"author":1,"featured_media":0,"parent":0,"menu_order":0,"comment_status":"closed","ping_status":"closed","template":"","meta":{"_exactmetrics_skip_tracking":false,"_exactmetrics_sitenote_active":false,"_exactmetrics_sitenote_note":"","_exactmetrics_sitenote_category":0,"footnotes":""},"_links":{"self":[{"href":"https:\/\/onekeycredito.pt\/en\/wp-json\/wp\/v2\/pages\/18041"}],"collection":[{"href":"https:\/\/onekeycredito.pt\/en\/wp-json\/wp\/v2\/pages"}],"about":[{"href":"https:\/\/onekeycredito.pt\/en\/wp-json\/wp\/v2\/types\/page"}],"author":[{"embeddable":true,"href":"https:\/\/onekeycredito.pt\/en\/wp-json\/wp\/v2\/users\/1"}],"replies":[{"embeddable":true,"href":"https:\/\/onekeycredito.pt\/en\/wp-json\/wp\/v2\/comments?post=18041"}],"version-history":[{"count":4,"href":"https:\/\/onekeycredito.pt\/en\/wp-json\/wp\/v2\/pages\/18041\/revisions"}],"predecessor-version":[{"id":18050,"href":"https:\/\/onekeycredito.pt\/en\/wp-json\/wp\/v2\/pages\/18041\/revisions\/18050"}],"wp:attachment":[{"href":"https:\/\/onekeycredito.pt\/en\/wp-json\/wp\/v2\/media?parent=18041"}],"curies":[{"name":"wp","href":"https:\/\/api.w.org\/{rel}","templated":true}]}}