{"id":18054,"date":"2018-01-24T14:38:00","date_gmt":"2018-01-24T13:38:00","guid":{"rendered":"https:\/\/onekeycredito.pt\/put-all-your-credits-together\/"},"modified":"2024-05-06T15:36:58","modified_gmt":"2024-05-06T14:36:58","slug":"put-all-your-credits-together","status":"publish","type":"page","link":"https:\/\/onekeycredito.pt\/en\/put-all-your-credits-together\/","title":{"rendered":"Put all your credits together"},"content":{"rendered":"<p>[vc_row full_width=&#8221;stretch_row&#8221; css=&#8221;.vc_custom_1517506246250{padding-top: 3% !important;padding-bottom: 6% !important;}&#8221;][vc_column][vc_empty_space height=&#8221;55px&#8221;][vc_column_text]<\/p>\n<p style=\"font-size: 24px; text-align: center; line-height: 32px;\">The <strong>consolidated credit<\/strong> or credit consolidation is a financing solution available to you,<br \/>\nwhich allows you to replace all your current credits with a single financing operation,<br \/>\nreplacing several monthly installments with one.<\/p>\n<p>[\/vc_column_text][\/vc_column][\/vc_row][vc_row full_width=&#8221;stretch_row_content_no_spaces&#8221; equal_height=&#8221;yes&#8221; css=&#8221;.vc_custom_1515599717265{background-color: #f5f5f5 !important;}&#8221;][vc_column width=&#8221;1\/2&#8243; css=&#8221;.vc_custom_1529685016510{margin-top: 0px !important;margin-bottom: 0px !important;border-bottom-width: 0px !important;padding-top: 0px !important;padding-right: 0px !important;padding-bottom: 0px !important;padding-left: 0px !important;background-image: url(https:\/\/onekeycredito.pt\/wp-content\/uploads\/2018\/01\/onekey_creditoconsolidado.jpg?id=2448) !important;background-position: center !important;background-repeat: no-repeat !important;background-size: cover !important;}&#8221; el_class=&#8221;imagem&#8221;][\/vc_column][vc_column width=&#8221;1\/2&#8243; el_class=&#8221;about-section1 vcr_float_right&#8221; css=&#8221;.vc_custom_1515523870322{margin-top: 32px !important;margin-bottom: 32px !important;border-top-width: 0px !important;border-bottom-width: 0px !important;padding-right: 10% !important;padding-left: 5% !important;}&#8221;][vc_custom_heading text=&#8221;WHY PUT YOUR CREDITS TOGETHER?&#8221; font_container=&#8221;tag:h2|font_size:20|text_align:left&#8221; use_theme_fonts=&#8221;yes&#8221;][vc_empty_space height=&#8221;24px&#8221;][vc_column_text]<strong>To be able to pay less<\/strong>, since the average interest rate that is applied is lower;<\/p>\n<p><strong>To have smoother monthly installments<\/strong>, because, by increasing the repayment period, you will be able to pay lower installments per month.[\/vc_column_text][vc_separator align=&#8221;align_left&#8221;][vc_custom_heading text=&#8221;How can One Key help you to reduce the monthly payment on your credits?&#8221; font_container=&#8221;tag:h2|font_size:20|text_align:left&#8221; use_theme_fonts=&#8221;yes&#8221;][vc_empty_space height=&#8221;24px&#8221;][vc_column_text]<strong>One Key<\/strong> finds the best credit solution for those who want to consolidate their credits into one.<br \/>\nThe <strong>One Key<\/strong> team will bring together the outstanding amounts from the various credits made at different credit institutions, into a single contract formalized at the selected credit institution. This way you will only pay one monthly installment, only to one credit institution, only on a certain date.[\/vc_column_text][vc_separator align=&#8221;align_left&#8221;][vc_custom_heading text=&#8221;Does the consolidated credit simulation imply any commitment?&#8221; font_container=&#8221;tag:h2|font_size:20|text_align:left&#8221; use_theme_fonts=&#8221;yes&#8221;][vc_empty_space height=&#8221;24px&#8221;][vc_column_text]<strong>No, the simulation can be done without any commitment and at no cost.<\/strong><\/p>\n<p><strong>You will only make a new commitment when signing<\/strong> the new credit agreement with the financing entity.[\/vc_column_text][\/vc_column][\/vc_row][vc_row full_width=&#8221;stretch_row_content_no_spaces&#8221; equal_height=&#8221;yes&#8221; css=&#8221;.vc_custom_1515599717265{background-color: #f5f5f5 !important;}&#8221;][vc_column width=&#8221;1\/2&#8243; css=&#8221;.vc_custom_1516813925517{margin-top: 32px !important;margin-bottom: 32px !important;border-bottom-width: 0px !important;padding-top: 0px !important;padding-right: 5% !important;padding-bottom: 0px !important;padding-left: 10% !important;background-position: center !important;background-repeat: no-repeat !important;background-size: cover !important;}&#8221;][vc_custom_heading text=&#8221;Advantages and benefits of consolidated credit&#8221; font_container=&#8221;tag:h2|font_size:26|text_align:left&#8221; use_theme_fonts=&#8221;yes&#8221; css=&#8221;.vc_custom_1516815593227{padding-top: 32px !important;}&#8221;][vc_column_text]Consolidated credit can be good support for reorganizing your treasury.[\/vc_column_text][vc_empty_space][\/vc_column][vc_column width=&#8221;1\/2&#8243; el_class=&#8221;about-section1 vcr_float_right imagem&#8221; css=&#8221;.vc_custom_1529685108912{margin-top: 0px !important;margin-bottom: 0px !important;border-bottom-width: 0px !important;padding-top: 0px !important;padding-right: 0% !important;padding-bottom: 0px !important;padding-left: 0% !important;background-image: url(https:\/\/onekeycredito.pt\/wp-content\/uploads\/2018\/01\/onekey_creditoconsolidado3.jpg?id=2466) !important;}&#8221;][\/vc_column][\/vc_row][vc_row full_width=&#8221;stretch_row&#8221; css=&#8221;.vc_custom_1516817223530{padding-top: 2% !important;padding-bottom: 4% !important;}&#8221;][vc_column][vc_custom_heading text=&#8221;What are the steps to follow to have your credit consolidated?&#8221; font_container=&#8221;tag:h2|font_size:32|text_align:left|color:%231da5db&#8221; use_theme_fonts=&#8221;yes&#8221;][\/vc_column][\/vc_row][vc_row full_width=&#8221;stretch_row&#8221;][vc_column width=&#8221;1\/2&#8243;][vc_column_text]<strong><span style=\"color: #1da5db; font-size: 24px;\">1.<\/span><\/strong> <span class=\"uavc-list-desc ult-responsive\" data-ultimate-target=\"#list-icon-wrap-7071 .uavc-list-desc\" data-responsive-json-new=\"{\"font-size\":\"\",\"line-height\":\"\"}\"><strong>Access the Banco de Portuga<\/strong>l website, with your access details to the finance portal and consult your <a href=\"https:\/\/www.bportugal.pt\/area-cidadao\/formulario\/227\" target=\"_blank\" rel=\"noopener\">map of credit responsibilities<\/a>.<\/span>[\/vc_column_text][vc_separator align=&#8221;align_left&#8221;][vc_column_text css=&#8221;.vc_custom_1715006305440{padding-bottom: 2px !important;}&#8221;]<strong><span style=\"color: #1da5db; font-size: 24px;\">2. <\/span><\/strong>In the <a href=\"https:\/\/www.bportugal.pt\/area-cidadao\/formulario\/227\" target=\"_blank\" rel=\"noopener\">credit responsibilities map <\/a> you will find <strong>detailed information about all credits<\/strong> in your name, the amount remaining to be settled and the respective settlement dates;[\/vc_column_text][vc_separator align=&#8221;align_left&#8221;][vc_column_text]<strong><span style=\"color: #1da5db; font-size: 24px;\">3.<\/span><\/strong> <span class=\"uavc-list-desc ult-responsive\" data-ultimate-target=\"#list-icon-wrap-7071 .uavc-list-desc\" data-responsive-json-new=\"{\"font-size\":\"\",\"line-height\":\"\"}\"><strong>After calculating the total value of your credits<\/strong>, carry out a <a href=\"https:\/\/onekeycredito.pt\/simulador\/\" target=\"_blank\" rel=\"noopener\">consolidated credit simulation<\/a>;<br \/>\n<\/span>[\/vc_column_text][vc_separator align=&#8221;align_left&#8221;][vc_column_text]<strong><span style=\"color: #1da5db; font-size: 24px;\">4. <\/span><\/strong><span class=\"uavc-list-desc ult-responsive\" data-ultimate-target=\"#list-icon-wrap-7071 .uavc-list-desc\" data-responsive-json-new=\"{\"font-size\":\"\",\"line-height\":\"\"}\"><strong>Consult the contractual documents of your loans<\/strong>, or request <strong>One Key&#8217;s<\/strong> support to identify possible costs with early loan repayment;<\/span>[\/vc_column_text][vc_separator align=&#8221;align_left&#8221;][vc_column_text]<strong><span style=\"color: #1da5db; font-size: 24px;\">5.<\/span><\/strong><strong>Fill in all the data in the credit simulator<\/strong> \u2013 value, term and characteristics of the consolidated credit;[\/vc_column_text][\/vc_column][vc_column width=&#8221;1\/2&#8243;][vc_column_text]<strong><span style=\"color: #1da5db; font-size: 24px;\">6. <\/span><\/strong>Then, <strong>submit your credit application<\/strong> or, alternatively, request our contact;[\/vc_column_text][vc_separator align=&#8221;align_left&#8221;][vc_column_text]<strong><span style=\"color: #1da5db; font-size: 24px;\">7. <\/span><\/strong>Use the <strong>total amount of credit<\/strong> you need to pay your current credits.[\/vc_column_text][vc_separator align=&#8221;align_left&#8221;][vc_column_text]<strong><span style=\"color: #1da5db; font-size: 24px;\">8. <\/span><\/strong><strong>If you decide to proceed<\/strong>, fill in the information requested on the credit form and <strong>One Key<\/strong> will submit the financing request to one of the partner financial entities;[\/vc_column_text][vc_separator align=&#8221;align_left&#8221;][vc_column_text]<strong><span style=\"color: #1da5db; font-size: 24px;\">9. <\/span><\/strong><strong>In case of approval<\/strong>, <strong>One Key<\/strong> will monitor the contractual formalization process.[\/vc_column_text][vc_separator align=&#8221;align_left&#8221;][vc_column_text]<strong><span style=\"color: #1da5db; font-size: 24px;\">10. <\/span><\/strong>The <strong>approved average interest rate<\/strong> allows you to save on the monthly installment and at the end of the loan![\/vc_column_text][\/vc_column][\/vc_row][vc_row full_width=&#8221;stretch_row&#8221; css=&#8221;.vc_custom_1515508669754{padding-top: 8% !important;padding-bottom: 10% !important;}&#8221;][vc_column][vc_row_inner content_placement=&#8221;middle&#8221;][vc_column_inner el_align=&#8221;center&#8221; width=&#8221;1\/3&#8243;][vc_column_text]<a href=\"https:\/\/onekeycredito.pt\/proposta\/\"><div class=\"aio-icon-component    style_1\"><div id=\"Info-box-wrap-1945\" class=\"aio-icon-box top-icon\" style=\"\"  ><div class=\"aio-icon-top\"><div class=\"ult-just-icon-wrapper  \"><div class=\"align-icon\" style=\"text-align:center;\">\n<div class=\"aio-icon-img \" style=\"font-size:200px;display:inline-block;\" >\n\t<img decoding=\"async\" class=\"img-icon\" alt=\"null\" src=\"https:\/\/onekeycredito.pt\/wp-content\/uploads\/2018\/01\/credito_preencha.png\"\/>\n<\/div><\/div><\/div><\/div><div class=\"aio-icon-header\" ><h3 class=\"aio-icon-title ult-responsive\"  data-ultimate-target='#Info-box-wrap-1945 .aio-icon-title'  data-responsive-json-new='{\"font-size\":\"\",\"line-height\":\"\"}'  style=\"\">Proposal<\/h3><\/div> <!-- header --><div class=\"aio-icon-description ult-responsive\"  data-ultimate-target='#Info-box-wrap-1945 .aio-icon-description'  data-responsive-json-new='{\"font-size\":\"\",\"line-height\":\"\"}'  style=\"\"><\/a>Complete the proposal and send us the requested documents<\/div> <!-- description --><\/div> <!-- aio-icon-box --><\/div> <!-- aio-icon-component -->[\/vc_column_text][\/vc_column_inner][vc_column_inner width=&#8221;1\/3&#8243;][vc_column_text]<div class=\"aio-icon-component    style_1\"><div id=\"Info-box-wrap-8126\" class=\"aio-icon-box top-icon\" style=\"\"  ><div class=\"aio-icon-top\"><div class=\"ult-just-icon-wrapper  \"><div class=\"align-icon\" style=\"text-align:center;\">\n<div class=\"aio-icon-img \" style=\"font-size:200px;display:inline-block;\" >\n\t<img decoding=\"async\" class=\"img-icon\" alt=\"null\" src=\"https:\/\/onekeycredito.pt\/wp-content\/uploads\/2018\/01\/credito_assine.png\"\/>\n<\/div><\/div><\/div><\/div><div class=\"aio-icon-header\" ><h3 class=\"aio-icon-title ult-responsive\"  data-ultimate-target='#Info-box-wrap-8126 .aio-icon-title'  data-responsive-json-new='{\"font-size\":\"\",\"line-height\":\"\"}'  style=\"\">Sign it<\/h3><\/div> <!-- header --><div class=\"aio-icon-description ult-responsive\"  data-ultimate-target='#Info-box-wrap-8126 .aio-icon-description'  data-responsive-json-new='{\"font-size\":\"\",\"line-height\":\"\"}'  style=\"\">Print, check and sign the documentation sent after approval<\/div> <!-- description --><\/div> <!-- aio-icon-box --><\/div> <!-- aio-icon-component -->[\/vc_column_text][\/vc_column_inner][vc_column_inner width=&#8221;1\/3&#8243;][vc_column_text]<div class=\"aio-icon-component    style_1\"><div id=\"Info-box-wrap-3388\" class=\"aio-icon-box top-icon\" style=\"\"  ><div class=\"aio-icon-top\"><div class=\"ult-just-icon-wrapper  \"><div class=\"align-icon\" style=\"text-align:center;\">\n<div class=\"aio-icon-img \" style=\"font-size:200px;display:inline-block;\" >\n\t<img decoding=\"async\" class=\"img-icon\" alt=\"null\" src=\"https:\/\/onekeycredito.pt\/wp-content\/uploads\/2018\/01\/credito_envie.png\"\/>\n<\/div><\/div><\/div><\/div><div class=\"aio-icon-header\" ><h3 class=\"aio-icon-title ult-responsive\"  data-ultimate-target='#Info-box-wrap-3388 .aio-icon-title'  data-responsive-json-new='{\"font-size\":\"\",\"line-height\":\"\"}'  style=\"\">Send<\/h3><\/div> <!-- header --><div class=\"aio-icon-description ult-responsive\"  data-ultimate-target='#Info-box-wrap-3388 .aio-icon-description'  data-responsive-json-new='{\"font-size\":\"\",\"line-height\":\"\"}'  style=\"\">Return the signed contract to us<\/div> <!-- description --><\/div> <!-- aio-icon-box --><\/div> <!-- aio-icon-component -->[\/vc_column_text][\/vc_column_inner][\/vc_row_inner][\/vc_column][\/vc_row][vc_row full_width=&#8221;stretch_row_content&#8221; bg_type=&#8221;image&#8221; parallax_style=&#8221;vcpb-default&#8221; bg_image_new=&#8221;id^2468|url^http:\/\/onekeycredito.pt\/wp-content\/uploads\/2018\/01\/onekey_consolidado_bg.jpg|caption^Cr\u00e9dito Consolidado One Key|alt^Cr\u00e9dito Consolidado One Key|title^Cr\u00e9dito Consolidado One Key|description^null&#8221; bg_img_attach=&#8221;fixed&#8221; css=&#8221;.vc_custom_1517508909048{padding-top: 3% !important;}&#8221; text_color=&#8221;#ffffff&#8221; el_class=&#8221;dt-sc-dark-bg tabela&#8221;][vc_column el_class=&#8221;dt-sc-dark-bg&#8221;][vc_custom_heading text=&#8221;NECESSARY DOCUMENTS&#8221; font_container=&#8221;tag:h2|font_size:32|text_align:center|color:%23ffffff&#8221; use_theme_fonts=&#8221;yes&#8221; el_class=&#8221;title-responsive-size vcr_heading-right&#8221;][vc_empty_space][vc_wp_text]\n<table id=\"tablepress-3\" class=\"tablepress tablepress-id-3\">\n<thead>\n<tr class=\"row-1 odd\">\n\t<th class=\"column-1\"><\/th><th class=\"column-2\"><p align=\"center\"; style=\"color:black\">Trabalhador por conta de Outr\u00e9m<\/p><\/th><th class=\"column-3\"><p align=\"center\"; style=\"color:black\">ENI (Profissional Liberal)<\/p><\/th><th class=\"column-4\"><p align=\"center\"; style=\"color:black\"><br \/>\nEmpresa<\/p><\/th>\n<\/tr>\n<\/thead>\n<tbody class=\"row-hover\">\n<tr class=\"row-2 even\">\n\t<td class=\"column-1\"><font class=\"blue\">Comprovativo de Identifica\u00e7\u00e3o dos titulares do contrato<\/font><br class=\"espacamento\"\/><font class=\"black\">Cart\u00e3o do Cidad\u00e3o<br\/>ou<br\/>Bilhete de Identidade + Cart\u00e3o de Contribuinte<\/font><\/td><td class=\"column-2\"><center><img decoding=\"async\" src=\"https:\/\/onekeycredito.pt\/wp-content\/uploads\/2018\/01\/check.png\" alt=\"\" width=\"32\" height=\"32\" class=\"centerImage\" size-full wp-image-1997\" \/><\/center><\/td><td class=\"column-3\"><center><img decoding=\"async\" src=\"https:\/\/onekeycredito.pt\/wp-content\/uploads\/2018\/01\/check.png\" alt=\"\" width=\"32\" height=\"32\" class=\"centerImage\" size-full wp-image-1997\" \/><\/center><\/td><td class=\"column-4\"><center><img decoding=\"async\" src=\"https:\/\/onekeycredito.pt\/wp-content\/uploads\/2018\/01\/check.png\" alt=\"\" width=\"32\" height=\"32\" class=\"centerImage\" size-full wp-image-1997\" \/><\/center><\/td>\n<\/tr>\n<tr class=\"row-3 odd\">\n\t<td class=\"column-1\"><font class=\"blue\">Comprovativo de Resid\u00eancia<\/font><br\/><font class=\"blue underline\">Apenas um dos documentos<\/font><br class=\"espacamento\"\/><font class=\"black\">\u00daltima fatura de \u00c1gua, Luz, G\u00e1s, Telefone ou Servi\u00e7o de TV<\/font><\/td><td class=\"column-2\"><center><img decoding=\"async\" src=\"https:\/\/onekeycredito.pt\/wp-content\/uploads\/2018\/01\/check.png\" alt=\"\" width=\"32\" height=\"32\" class=\"centerImage\" size-full wp-image-1997\" \/><\/center><\/td><td class=\"column-3\"><center><img decoding=\"async\" src=\"https:\/\/onekeycredito.pt\/wp-content\/uploads\/2018\/01\/check.png\" alt=\"\" width=\"32\" height=\"32\" class=\"centerImage\" size-full wp-image-1997\" \/><\/center><\/td><td class=\"column-4\"><center><img decoding=\"async\" src=\"https:\/\/onekeycredito.pt\/wp-content\/uploads\/2018\/01\/check.png\" alt=\"\" width=\"32\" height=\"32\" class=\"centerImage\" size-full wp-image-1997\" \/><\/center><\/td>\n<\/tr>\n<tr class=\"row-4 even\">\n\t<td class=\"column-1\"><font class=\"blue\">Comprovativo IBAN nominativo de um dos titulares do contrato<\/font><br\/><br \/>\n<font class=\"blue underline\">Apenas um dos documentos<\/font><br class=\"espacamento\"\/><font class=\"black\">Informa\u00e7\u00e3o de conta via HomeBanking;<br\/>Tal\u00e3o de Multibanco com IBAN + Frente do Cart\u00e3o Multibanco;<br\/>1\u00aa p\u00e1gina da Caderneta<\/font><\/td><td class=\"column-2\"><center><img decoding=\"async\" src=\"https:\/\/onekeycredito.pt\/wp-content\/uploads\/2018\/01\/check.png\" alt=\"\" width=\"32\" height=\"32\" class=\"centerImage\" size-full wp-image-1997\" \/><\/center><\/td><td class=\"column-3\"><center><img decoding=\"async\" src=\"https:\/\/onekeycredito.pt\/wp-content\/uploads\/2018\/01\/check.png\" alt=\"\" width=\"32\" height=\"32\" class=\"centerImage\" size-full wp-image-1997\" \/><\/center><\/td><td class=\"column-4\"><center><img decoding=\"async\" src=\"https:\/\/onekeycredito.pt\/wp-content\/uploads\/2018\/01\/check.png\" alt=\"\" width=\"32\" height=\"32\" class=\"centerImage\" size-full wp-image-1997\" \/><\/center><\/td>\n<\/tr>\n<tr class=\"row-5 odd\">\n\t<td class=\"column-1\"><font class=\"blue\">\u00daltimos tr\u00eas recibos de vencimento dos titulares do contrato<\/font><\/td><td class=\"column-2\"><center><img decoding=\"async\" src=\"https:\/\/onekeycredito.pt\/wp-content\/uploads\/2018\/01\/check.png\" alt=\"\" width=\"32\" height=\"32\" class=\"centerImage\" size-full wp-image-1997\" \/><\/center><\/td><td class=\"column-3\"><center><img decoding=\"async\" src=\"https:\/\/onekeycredito.pt\/wp-content\/uploads\/2018\/01\/check.png\" alt=\"\" width=\"32\" height=\"32\" class=\"centerImage\" size-full wp-image-1997\" \/><\/center><\/td><td class=\"column-4\"><\/td>\n<\/tr>\n<tr class=\"row-6 even\">\n\t<td class=\"column-1\"><font class=\"blue\">\u00daltimo Modelo 3 do IRS ou C\u00f3digo de valida\u00e7\u00e3o de Entrega<\/font><\/td><td class=\"column-2\"><\/td><td class=\"column-3\"><center><img decoding=\"async\" src=\"https:\/\/onekeycredito.pt\/wp-content\/uploads\/2018\/01\/check.png\" alt=\"\" width=\"32\" height=\"32\" class=\"centerImage\" size-full wp-image-1997\" \/><\/center><\/td><td class=\"column-4\"><\/td>\n<\/tr>\n<tr class=\"row-7 odd\">\n\t<td class=\"column-1\"><font class=\"blue\">Modelo 22 do \u00faltimo ano<\/font><\/td><td class=\"column-2\"><\/td><td class=\"column-3\"><\/td><td class=\"column-4\"><center><img decoding=\"async\" src=\"https:\/\/onekeycredito.pt\/wp-content\/uploads\/2018\/01\/check.png\" alt=\"\" width=\"32\" height=\"32\" class=\"centerImage\" size-full wp-image-1997\" \/><\/center><\/td>\n<\/tr>\n<\/tbody>\n<\/table>\n<!-- #tablepress-3 from cache -->[\/vc_wp_text][\/vc_column][\/vc_row][vc_row full_width=&#8221;stretch_row&#8221; css=&#8221;.vc_custom_1515610284075{background-color: #1da5db !important;}&#8221;][vc_column][vc_column_text]<div class=\" ubtn-ctn-center \"><a class=\"ubtn-link ult-adjust-bottom-margin ubtn-center ubtn-large \"  rel='' href = \"http:\/\/onekeycredito.pt\/simulador\/\" ><button type=\"button\" id=\"ubtn-7956\" class=\"ubtn ult-adjust-bottom-margin ult-responsive ubtn-large ubtn-center-hz-bg  none  ubtn-sep-icon ubtn-sep-icon-at-right  ubtn-center   tooltip-69ef496cdb816\"  data-hover=\"#1da5db\" data-border-color=\"\" data-bg=\"#ffffff\" data-hover-bg=\"#ffffff\" data-border-hover=\"\" data-shadow-hover=\"\" data-shadow-click=\"none\" data-shadow=\"\" data-shd-shadow=\"\"  data-ultimate-target='#ubtn-7956'  data-responsive-json-new='{\"font-size\":\"\",\"line-height\":\"\"}'  style=\"font-weight:normal;border:none;background: #ffffff;color: #000000;\"><span class=\"ubtn-data ubtn-icon\"><i class=\"Defaults-chevron-circle-right\" style=\"font-size:32px;color:#1da5db;\"><\/i><\/span><span class=\"ubtn-hover\" style=\"background-color:#ffffff\"><\/span><span class=\"ubtn-data ubtn-text \" >MAKE CREDIT SIMULATION OK<\/span><\/button><\/a><\/div>[\/vc_column_text][\/vc_column][\/vc_row][vc_row full_width=&#8221;stretch_row&#8221; css=&#8221;.vc_custom_1515608981578{padding-bottom: 8% !important;background-color: #f5f5f5 !important;}&#8221;][vc_column width=&#8221;1\/3&#8243;][vc_column_text css=&#8221;.vc_custom_1555507868278{margin-top: 10px !important;padding-right: 20% !important;padding-left: 20% !important;}&#8221;]<\/p>\n<p style=\"font-size: 24px; color: #1da5db; text-align: left;\"><strong>Need help?<\/strong><\/p>\n<p class=\"p2\">We are on the other side of the line to answer all your questions. Talk to us.<\/p>\n<p>[\/vc_column_text][\/vc_column][vc_column width=&#8221;1\/3&#8243; css=&#8221;.vc_custom_1515608955002{padding-bottom: 10px !important;}&#8221;]<div class='dt-sc-icon-box type2 '><div class=\"icon-wrapper\"><span class='fa fa-phone'> <\/span><\/div><div class=\"icon-content\"><h4><a href='tel:+351213232323' title='' target='_self'>Contact us<\/a><\/h4><p>Phone: <a href=\"tel:210507708\">210 507 708<\/a> or <a href=\"tel:924081164\">924 081 164<\/a><\/p>\n<p>Email: <a href=\"mailto:info@onekeycredito.pt\">info@onekeycredito.pt<\/a><\/p><\/div><\/div>[\/vc_column][vc_column width=&#8221;1\/3&#8243;]<div class='dt-sc-icon-box type2 '><div class=\"icon-wrapper\"><span class='fa fa-comments'> <\/span><\/div><div class=\"icon-content\"><h4>Online Chat<\/h4><p>Talk to one of our online operators<\/p><\/div><\/div>[\/vc_column][\/vc_row]<\/p>\n<!-- AddThis Advanced Settings generic via filter on the_content --><!-- AddThis Share Buttons generic via filter on the_content -->","protected":false},"excerpt":{"rendered":"<p>[vc_row full_width=&#8221;stretch_row&#8221; css=&#8221;.vc_custom_1517506246250{padding-top: 3% !important;padding-bottom: 6% !important;}&#8221;][vc_column][vc_empty_space height=&#8221;55px&#8221;][vc_column_text] The consolidated credit or credit consolidation is a financing solution available to you, which allows you to replace all your current credits with a single financing operation, replacing several monthly installments with one. [\/vc_column_text][\/vc_column][\/vc_row][vc_row full_width=&#8221;stretch_row_content_no_spaces&#8221; equal_height=&#8221;yes&#8221; css=&#8221;.vc_custom_1515599717265{background-color: #f5f5f5 !important;}&#8221;][vc_column width=&#8221;1\/2&#8243; css=&#8221;.vc_custom_1529685016510{margin-top: 0px !important;margin-bottom: 0px !important;border-bottom-width: 0px !important;padding-top: [&hellip;]<!-- AddThis Advanced Settings generic via filter on get_the_excerpt --><!-- AddThis Share Buttons generic via filter on get_the_excerpt --><\/p>\n","protected":false},"author":1,"featured_media":0,"parent":0,"menu_order":0,"comment_status":"closed","ping_status":"closed","template":"","meta":{"_exactmetrics_skip_tracking":false,"_exactmetrics_sitenote_active":false,"_exactmetrics_sitenote_note":"","_exactmetrics_sitenote_category":0,"footnotes":""},"_links":{"self":[{"href":"https:\/\/onekeycredito.pt\/en\/wp-json\/wp\/v2\/pages\/18054"}],"collection":[{"href":"https:\/\/onekeycredito.pt\/en\/wp-json\/wp\/v2\/pages"}],"about":[{"href":"https:\/\/onekeycredito.pt\/en\/wp-json\/wp\/v2\/types\/page"}],"author":[{"embeddable":true,"href":"https:\/\/onekeycredito.pt\/en\/wp-json\/wp\/v2\/users\/1"}],"replies":[{"embeddable":true,"href":"https:\/\/onekeycredito.pt\/en\/wp-json\/wp\/v2\/comments?post=18054"}],"version-history":[{"count":5,"href":"https:\/\/onekeycredito.pt\/en\/wp-json\/wp\/v2\/pages\/18054\/revisions"}],"predecessor-version":[{"id":18059,"href":"https:\/\/onekeycredito.pt\/en\/wp-json\/wp\/v2\/pages\/18054\/revisions\/18059"}],"wp:attachment":[{"href":"https:\/\/onekeycredito.pt\/en\/wp-json\/wp\/v2\/media?parent=18054"}],"curies":[{"name":"wp","href":"https:\/\/api.w.org\/{rel}","templated":true}]}}